{"id":92,"date":"2021-04-14T11:14:02","date_gmt":"2021-04-14T14:14:02","guid":{"rendered":"https:\/\/mrzd.com.br\/blog\/?page_id=92"},"modified":"2021-04-14T11:17:28","modified_gmt":"2021-04-14T14:17:28","slug":"blog","status":"publish","type":"page","link":"https:\/\/mrzd.com.br\/blog\/","title":{"rendered":"Blog"},"content":{"rendered":"\t\t<div data-elementor-type=\"wp-page\" data-elementor-id=\"92\" class=\"elementor elementor-92\">\n\t\t\t\t\t\t\t\t\t<section class=\"elementor-section elementor-top-section elementor-element elementor-element-02ed869 elementor-section-boxed elementor-section-height-default elementor-section-height-default\" data-id=\"02ed869\" data-element_type=\"section\">\n\t\t\t\t\t\t<div class=\"elementor-container elementor-column-gap-default\">\n\t\t\t\t\t<div class=\"elementor-column elementor-col-100 elementor-top-column elementor-element elementor-element-0756084\" data-id=\"0756084\" data-element_type=\"column\">\n\t\t\t<div class=\"elementor-widget-wrap elementor-element-populated\">\n\t\t\t\t\t\t\t\t<div class=\"elementor-element elementor-element-7c26c0f elementor-widget elementor-widget-the7_elements\" data-id=\"7c26c0f\" data-element_type=\"widget\" data-widget_type=\"the7_elements.default\">\n\t\t\t\t<div class=\"elementor-widget-container\">\n\t\t\t<div  class=\"portfolio-shortcode the7-elementor-widget the7_elements-7c26c0f mode-masonry classic-layout-list description-under-image jquery-filter quick-scale-img content-bg-on enable-bg-rollover resize-by-browser-width loading-effect-none\"  data-padding=\"15px\" data-cur-page=\"1\" data-post-limit=\"8\" data-pagination-mode=\"pages\" data-mobile-columns-num=\"\" data-tablet-columns-num=\"\" data-desktop-columns-num=\"2\" data-wide-desktop-columns-num=\"2\"><div class=\"iso-container dt-isotope custom-iso-columns\"><div class=\"visible wf-cell iso-item\" data-post-id=\"85\" data-date=\"2021-04-14T10:52:41-03:00\" data-name=\"Conhecimento e Compet\u00eancia\"><article class=\"post visible post-85 type-post status-publish format-standard has-post-thumbnail hentry category-incentivo-ao-esporte tag-leis-de-incentivo-ao-esporte tag-pandemia category-1 description-off\" data-name=\"Conhecimento e Compet\u00eancia\" data-date=\"2021-04-14T10:52:41-03:00\">\n\n\t<div class=\"post-thumbnail-wrap rollover-active\">\n\t\t<div class=\"post-thumbnail\">\n\n\t\t\t<a href=\"https:\/\/mrzd.com.br\/blog\/conhecimento-e-competencia\/\" class=\"post-thumbnail-rollover layzr-bg\" target=\"\"  aria-label=\"redimensionar imagens\"><img decoding=\"async\" class=\"preload-me iso-lazy-load\" src=\"data:image\/svg+xml,%3Csvg%20xmlns%3D&#39;http%3A%2F%2Fwww.w3.org%2F2000%2Fsvg&#39;%20viewBox%3D&#39;0%200%20990%20557&#39;%2F%3E\" data-src=\"https:\/\/mrzd.com.br\/blog\/wp-content\/uploads\/2021\/04\/MRZD-BLOG-CONHECIMENTO-E-COMPETENCIA-IMAGEM-DESTACADA-01-990x557.jpg\" data-srcset=\"https:\/\/mrzd.com.br\/blog\/wp-content\/uploads\/2021\/04\/MRZD-BLOG-CONHECIMENTO-E-COMPETENCIA-IMAGEM-DESTACADA-01-990x557.jpg 990w, https:\/\/mrzd.com.br\/blog\/wp-content\/uploads\/2021\/04\/MRZD-BLOG-CONHECIMENTO-E-COMPETENCIA-IMAGEM-DESTACADA-01-1438x810.jpg 1438w\" alt=\"\" title=\"MRZD-BLOG-CONHECIMENTO-E-COMPETENCIA-IMAGEM-DESTACADA-01\" width=\"990\" height=\"557\"  \/><\/a><div class=\"project-links-container\"><a href=\"https:\/\/mrzd.com.br\/blog\/conhecimento-e-competencia\/\" class=\"project-details\" aria-label=\"Veja mais\"><span aria-hidden=\"true\" class=\"icomoon-the7-font-the7-plus-02\"><\/span><\/a><\/div>\n\t\t<\/div>\n\t<\/div>\n\n\n<div class=\"post-entry-content\">\n\n\t<h3 class=\"entry-title h4-size\"><a href=\"https:\/\/mrzd.com.br\/blog\/conhecimento-e-competencia\/\" title=\"Conhecimento e Compet\u00eancia\" rel=\"bookmark\">Conhecimento e Compet\u00eancia<\/a><\/h3><div class=\"entry-meta\"><span class=\"meta-item category-link\"><a href=\"https:\/\/mrzd.com.br\/blog\/category\/incentivo-ao-esporte\/\" rel=\"tag\">Incentivo ao Esporte<\/a><\/span><a href=\"https:\/\/mrzd.com.br\/blog\/2021\/04\/14\/\" title=\"10:52\" class=\"meta-item data-link\" rel=\"bookmark\"><time class=\"entry-date updated\" datetime=\"2021-04-14T10:52:41-03:00\">14 de abril de 2021<\/time><\/a><\/div><div class=\"entry-excerpt\"><p>A pandemia nos fez reinventarmos. Em todos os meios de atua\u00e7\u00e3o tivemos que sair de nossa zona de conforto e reorganizar o mundo de uma maneira que at\u00e9 ent\u00e3o n\u00e3o conhec\u00edamos.<\/p>\n<\/div>\n<a class=\"post-details details-type-btn dt-btn-s dt-btn\" href=\"https:\/\/mrzd.com.br\/blog\/conhecimento-e-competencia\/\" aria-label=\"Bot\u00e3o &quot;Leia mais&quot;\" rel=\"nofollow\"><span>Leia Mais<\/span><i aria-hidden=\"true\" class=\"dt-icon-the7-arrow-552\"><\/i><\/a>\n<\/div><\/article><\/div><\/div><!-- iso-container|iso-grid --><div class=\"paginator filter-decorations filter-pointer-underline filter-animation-fade\" role=\"navigation\"><\/div><\/div>\t\t<\/div>\n\t\t\t\t<\/div>\n\t\t\t\t\t<\/div>\n\t\t<\/div>\n\t\t\t\t\t\t\t<\/div>\n\t\t<\/section>\n\t\t\t\t\t\t\t<\/div>\n\t\t","protected":false},"excerpt":{"rendered":"<p>Conhecimento e Compet\u00eancia Incentivo ao Esporte14 de abril de 2021 A pandemia nos fez reinventarmos. Em todos os meios de atua\u00e7\u00e3o tivemos que sair de nossa zona de conforto e reorganizar o mundo de uma maneira que at\u00e9 ent\u00e3o n\u00e3o conhec\u00edamos. Leia Mais<\/p>\n","protected":false},"author":1,"featured_media":0,"parent":0,"menu_order":0,"comment_status":"closed","ping_status":"closed","template":"","meta":{"footnotes":""},"yoast_head":"<!-- This site is optimized with the Yoast SEO Premium plugin v15.4 - https:\/\/yoast.com\/wordpress\/plugins\/seo\/ -->\n<title>Blog - MRZD Consultoria Esportiva | Blog<\/title>\n<meta name=\"description\" content=\"Aqui em nosso Blog abordaremos os mais variados assuntos relacionados ao Incentivo ao Esporte e suas respectivas Leis. Pense com a gente!\" \/>\n<meta name=\"robots\" content=\"index, follow, max-snippet:-1, max-image-preview:large, max-video-preview:-1\" \/>\n<link rel=\"canonical\" href=\"https:\/\/mrzd.com.br\/blog\/\" \/>\n<meta property=\"og:locale\" content=\"pt_BR\" \/>\n<meta property=\"og:type\" content=\"article\" \/>\n<meta property=\"og:title\" content=\"Blog - MRZD Consultoria Esportiva | Blog\" \/>\n<meta property=\"og:description\" content=\"Aqui em nosso Blog abordaremos os mais variados assuntos relacionados ao Incentivo ao Esporte e suas respectivas Leis. Pense com a gente!\" \/>\n<meta property=\"og:url\" content=\"https:\/\/mrzd.com.br\/blog\/\" \/>\n<meta property=\"og:site_name\" content=\"MRZD Consultoria Esportiva | Blog\" \/>\n<meta property=\"article:modified_time\" content=\"2021-04-14T14:17:28+00:00\" \/>\n<meta property=\"og:image\" content=\"\" \/>\n<meta name=\"twitter:card\" content=\"summary_large_image\" \/>\n<meta name=\"twitter:label1\" content=\"Escrito por\">\n\t<meta name=\"twitter:data1\" content=\"webdesign\">\n\t<meta name=\"twitter:label2\" content=\"Est. tempo de leitura\">\n\t<meta name=\"twitter:data2\" content=\"0 minuto\">\n<script type=\"application\/ld+json\" class=\"yoast-schema-graph\">{\"@context\":\"https:\/\/schema.org\",\"@graph\":[{\"@type\":\"WebSite\",\"@id\":\"https:\/\/mrzd.com.br\/blog\/#website\",\"url\":\"https:\/\/mrzd.com.br\/blog\/\",\"name\":\"MRZD Consultoria Esportiva | Blog\",\"description\":\"Pense com a gente!\",\"potentialAction\":[{\"@type\":\"SearchAction\",\"target\":\"https:\/\/mrzd.com.br\/blog\/?s={search_term_string}\",\"query-input\":\"required name=search_term_string\"}],\"inLanguage\":\"pt-BR\"},{\"@type\":\"ImageObject\",\"@id\":\"https:\/\/mrzd.com.br\/blog\/#primaryimage\",\"inLanguage\":\"pt-BR\",\"url\":\"data:image\/svg+xml,%3Csvg%20xmlns%3D&#39;http%3A%2F%2Fwww.w3.org%2F2000%2Fsvg&#39;%20viewBox%3D&#39;0%200%20768%20432&#39;%2F%3E\"},{\"@type\":\"WebPage\",\"@id\":\"https:\/\/mrzd.com.br\/blog\/#webpage\",\"url\":\"https:\/\/mrzd.com.br\/blog\/\",\"name\":\"Blog - MRZD Consultoria Esportiva | Blog\",\"isPartOf\":{\"@id\":\"https:\/\/mrzd.com.br\/blog\/#website\"},\"primaryImageOfPage\":{\"@id\":\"https:\/\/mrzd.com.br\/blog\/#primaryimage\"},\"datePublished\":\"2021-04-14T14:14:02+00:00\",\"dateModified\":\"2021-04-14T14:17:28+00:00\",\"description\":\"Aqui em nosso Blog abordaremos os mais variados assuntos relacionados ao Incentivo ao Esporte e suas respectivas Leis. Pense com a gente!\",\"inLanguage\":\"pt-BR\",\"potentialAction\":[{\"@type\":\"ReadAction\",\"target\":[\"https:\/\/mrzd.com.br\/blog\/\"]}]}]}<\/script>\n<!-- \/ Yoast SEO Premium plugin. -->","_links":{"self":[{"href":"https:\/\/mrzd.com.br\/blog\/wp-json\/wp\/v2\/pages\/92"}],"collection":[{"href":"https:\/\/mrzd.com.br\/blog\/wp-json\/wp\/v2\/pages"}],"about":[{"href":"https:\/\/mrzd.com.br\/blog\/wp-json\/wp\/v2\/types\/page"}],"author":[{"embeddable":true,"href":"https:\/\/mrzd.com.br\/blog\/wp-json\/wp\/v2\/users\/1"}],"replies":[{"embeddable":true,"href":"https:\/\/mrzd.com.br\/blog\/wp-json\/wp\/v2\/comments?post=92"}],"version-history":[{"count":4,"href":"https:\/\/mrzd.com.br\/blog\/wp-json\/wp\/v2\/pages\/92\/revisions"}],"predecessor-version":[{"id":96,"href":"https:\/\/mrzd.com.br\/blog\/wp-json\/wp\/v2\/pages\/92\/revisions\/96"}],"wp:attachment":[{"href":"https:\/\/mrzd.com.br\/blog\/wp-json\/wp\/v2\/media?parent=92"}],"curies":[{"name":"wp","href":"https:\/\/api.w.org\/{rel}","templated":true}]}}